{"id":292,"date":"2018-08-16T08:20:18","date_gmt":"2018-08-16T08:20:18","guid":{"rendered":"https:\/\/www.athenastudio.co\/themes\/appme-wp\/?page_id=12"},"modified":"2026-02-20T05:19:56","modified_gmt":"2026-02-20T05:19:56","slug":"contact","status":"publish","type":"page","link":"https:\/\/automotive-education-hub.eu\/vi\/contact\/","title":{"rendered":"Li\u00ean h\u1ec7"},"content":{"rendered":"<div class=\"wpb-content-wrapper\"><div class=\"vc_row wpb_row vc_row-fluid\"><div class=\"wpb_column vc_column_container vc_col-sm-12\"><div class=\"vc_column-inner\"><div class=\"wpb_wrapper\"><div class=\"row\">\r\n\t\t\t\t\t\t<div class=\"col-xs-12 col-md-8 col-md-offset-2\">\r\n\t\t\t\t\t\t\t<div class=\"section-title\"><h2>V\u00e0o trong <strong>Ch\u1ea1m<\/strong><\/h2><p>B\u1ea1n c\u00f3 th\u1eafc m\u1eafc ho\u1eb7c c\u1ea7n h\u1ed7 tr\u1ee3? H\u00e3y tho\u1ea3i m\u00e1i li\u00ean h\u1ec7 b\u1eb1ng c\u00e1ch g\u1eedi email cho ch\u00fang t\u00f4i. Nh\u00f3m c\u1ee7a ch\u00fang t\u00f4i s\u1ebd ph\u1ea3n h\u1ed3i b\u1ea1n s\u1edbm nh\u1ea5t c\u00f3 th\u1ec3<\/p><\/div>\t\t\t\t\t\t\r\n\t\t\t\t\t\t<\/div>\r\n\t\t\t\t\t<\/div><\/div><\/div><\/div><\/div><div class=\"vc_row wpb_row vc_row-fluid\"><div class=\"wpb_column vc_column_container vc_col-sm-12\"><div class=\"vc_column-inner\"><div class=\"wpb_wrapper\"><div class=\"wpforms-container wpforms-container-full wpforms-render-modern\" id=\"wpforms-806\"><form id=\"wpforms-form-806\" class=\"wpforms-validate wpforms-form wpforms-ajax-form\" data-formid=\"806\" method=\"post\" enctype=\"multipart\/form-data\" action=\"\/vi\/wp-json\/wp\/v2\/pages\/292\" data-token=\"427941c375b9d1579c54fb6f25d2c27a\" data-token-time=\"1778902035\" data-trp-original-action=\"\/vi\/wp-json\/wp\/v2\/pages\/292\"><noscript class=\"wpforms-error-noscript\">Vui l\u00f2ng b\u1eadt JavaScript trong tr\u00ecnh duy\u1ec7t c\u1ee7a b\u1ea1n \u0111\u1ec3 ho\u00e0n th\u00e0nh Form n\u00e0y.<\/noscript><div class=\"wpforms-hidden\" id=\"wpforms-error-noscript\">Vui l\u00f2ng b\u1eadt JavaScript trong tr\u00ecnh duy\u1ec7t c\u1ee7a b\u1ea1n \u0111\u1ec3 ho\u00e0n th\u00e0nh Form n\u00e0y.<\/div><div class=\"wpforms-field-container\"><div id=\"wpforms-806-field_1-container\" class=\"wpforms-field wpforms-field-name\" data-field-id=\"1\"><fieldset><legend class=\"wpforms-field-label\">Name <span class=\"wpforms-required-label\" aria-hidden=\"true\">*<\/span><\/legend><div class=\"wpforms-field-row wpforms-field-large\"><div class=\"wpforms-field-row-block wpforms-first wpforms-one-half\"><input type=\"text\" id=\"wpforms-806-field_1\" class=\"wpforms-field-name-first wpforms-field-required\" name=\"wpforms[fields][1][first]\" aria-errormessage=\"wpforms-806-field_1-error\" required><label for=\"wpforms-806-field_1\" class=\"wpforms-field-sublabel after\">T\u00ean<\/label><\/div><div class=\"wpforms-field-row-block wpforms-one-half\"><input type=\"text\" id=\"wpforms-806-field_1-last\" class=\"wpforms-field-name-last wpforms-field-required\" name=\"wpforms[fields][1][last]\" aria-errormessage=\"wpforms-806-field_1-last-error\" required><label for=\"wpforms-806-field_1-last\" class=\"wpforms-field-sublabel after\">H\u1ecd<\/label><\/div><\/div><\/fieldset><\/div><div id=\"wpforms-806-field_2-container\" class=\"wpforms-field wpforms-field-email\" data-field-id=\"2\"><label class=\"wpforms-field-label\" for=\"wpforms-806-field_2\">Email <span class=\"wpforms-required-label\" aria-hidden=\"true\">*<\/span><\/label><input type=\"email\" id=\"wpforms-806-field_2\" class=\"wpforms-field-large wpforms-field-required\" name=\"wpforms[fields][2]\" spellcheck=\"false\" aria-errormessage=\"wpforms-806-field_2-error\" required><\/div><div id=\"wpforms-806-field_3-container\" class=\"wpforms-field wpforms-field-textarea\" data-field-id=\"3\"><label class=\"wpforms-field-label\" for=\"wpforms-806-field_3\">Comment or Message<\/label><textarea id=\"wpforms-806-field_3\" class=\"wpforms-field-medium\" name=\"wpforms[fields][3]\" aria-errormessage=\"wpforms-806-field_3-error\" ><\/textarea><\/div><\/div><!-- .wpforms-field-container --><div class=\"wpforms-submit-container\" ><input type=\"hidden\" name=\"wpforms[id]\" value=\"806\"><input type=\"hidden\" name=\"page_title\" value=\"\"><input type=\"hidden\" name=\"page_url\" value=\"https:\/\/automotive-education-hub.eu\/vi\/wp-json\/wp\/v2\/pages\/292\"><button type=\"submit\" name=\"wpforms[submit]\" id=\"wpforms-submit-806\" class=\"wpforms-submit\" data-alt-text=\"Sending...\" data-submit-text=\"Submit\" aria-live=\"assertive\" value=\"wpforms-submit\">Submit<\/button><img loading=\"lazy\" decoding=\"async\" src=\"https:\/\/automotive-education-hub.eu\/wp-content\/plugins\/wpforms-lite\/assets\/images\/submit-spin.svg\" class=\"wpforms-submit-spinner\" style=\"display: none;\" width=\"26\" height=\"26\" alt=\"\u0110ang t\u1ea3i\"><\/div><input type=\"hidden\" name=\"trp-form-language\" value=\"vi\"\/><\/form><\/div>  <!-- .wpforms-container --><\/div><\/div><\/div><\/div><div class=\"vc_row wpb_row vc_row-fluid\"><div class=\"wpb_column vc_column_container vc_col-sm-3\"><div class=\"vc_column-inner\"><div class=\"wpb_wrapper\"><\/div><\/div><\/div><div class=\"wpb_column vc_column_container vc_col-sm-3\"><div class=\"vc_column-inner\"><div class=\"wpb_wrapper\">\n\t<div class=\"wpb_text_column wpb_content_element contact-box\" >\n\t\t<div class=\"wpb_wrapper\">\n\t\t\t<div class=\"icon icon-basic-map\"><\/div>\n<h4>\u0110\u1ecba ch\u1ec9<\/h4>\n<div>\u0160kroupova 471\/14, 500 02 Hradec Kr\u00e1lov\u00e9, C\u1ed9ng h\u00f2a S\u00e9c<\/div>\n\n\t\t<\/div>\n\t<\/div>\n<\/div><\/div><\/div><div class=\"wpb_column vc_column_container vc_col-sm-3\"><div class=\"vc_column-inner\"><div class=\"wpb_wrapper\">\n\t<div class=\"wpb_text_column wpb_content_element contact-box\" >\n\t\t<div class=\"wpb_wrapper\">\n\t\t\t<div class=\"icon icon-basic-mail\"><\/div>\n<h4>N\u00f3i Xin ch\u00e0o<\/h4>\n<div><span data-sheets-formula-bar-text-style=\"font-size:13px;color:#000000;font-weight:normal;text-decoration:none;font-family:'Arial';font-style:normal;text-decoration-skip-ink:none;\">support@automotive-education-hub.eu<\/span><\/div>\n\n\t\t<\/div>\n\t<\/div>\n<\/div><\/div><\/div><div class=\"wpb_column vc_column_container vc_col-sm-3\"><div class=\"vc_column-inner\"><div class=\"wpb_wrapper\"><\/div><\/div><\/div><\/div>\n<\/div>","protected":false},"excerpt":{"rendered":"Get in TouchHave a question or need assistance? Feel free to reach out by sending us an email.\u00a0 Our team will get back to you as soon as possible Vui l\u00f2ng b\u1eadt JavaScript trong tr\u00ecnh duy\u1ec7t c\u1ee7a b\u1ea1n \u0111\u1ec3 ho\u00e0n th\u00e0nh Form n\u00e0y.Vui l\u00f2ng b\u1eadt JavaScript trong tr\u00ecnh duy\u1ec7t c\u1ee7a b\u1ea1n \u0111\u1ec3 ho\u00e0n th\u00e0nh Form [...]","protected":false},"author":5,"featured_media":0,"parent":0,"menu_order":0,"comment_status":"closed","ping_status":"closed","template":"","meta":{"footnotes":""},"class_list":["post-292","page","type-page","status-publish","hentry"],"yoast_head":"<!-- This site is optimized with the Yoast SEO plugin v23.9 - https:\/\/yoast.com\/wordpress\/plugins\/seo\/ -->\n<title>Contact - Automotive Education Hub<\/title>\n<meta name=\"robots\" content=\"index, follow, max-snippet:-1, max-image-preview:large, max-video-preview:-1\" \/>\n<link rel=\"canonical\" href=\"https:\/\/automotive-education-hub.eu\/vi\/contact\/\" \/>\n<meta property=\"og:locale\" content=\"vi_VN\" \/>\n<meta property=\"og:type\" content=\"article\" \/>\n<meta property=\"og:title\" content=\"Contact - Automotive Education Hub\" \/>\n<meta property=\"og:url\" content=\"https:\/\/automotive-education-hub.eu\/vi\/contact\/\" \/>\n<meta property=\"og:site_name\" content=\"Automotive Education Hub\" \/>\n<meta property=\"article:modified_time\" content=\"2026-02-20T05:19:56+00:00\" \/>\n<meta property=\"og:image\" content=\"https:\/\/automotive-education-hub.eu\/wp-content\/uploads\/2024\/09\/site-image.png\" \/>\n\t<meta property=\"og:image:width\" content=\"1261\" \/>\n\t<meta property=\"og:image:height\" content=\"774\" \/>\n\t<meta property=\"og:image:type\" content=\"image\/png\" \/>\n<meta name=\"twitter:card\" content=\"summary_large_image\" \/>\n<meta name=\"twitter:label1\" content=\"\u01af\u1edbc t\u00ednh th\u1eddi gian \u0111\u1ecdc\" \/>\n\t<meta name=\"twitter:data1\" content=\"1 ph\u00fat\" \/>\n<script type=\"application\/ld+json\" class=\"yoast-schema-graph\">{\"@context\":\"https:\/\/schema.org\",\"@graph\":[{\"@type\":\"WebPage\",\"@id\":\"https:\/\/automotive-education-hub.eu\/contact\/\",\"url\":\"https:\/\/automotive-education-hub.eu\/contact\/\",\"name\":\"Contact - Automotive Education Hub\",\"isPartOf\":{\"@id\":\"https:\/\/automotive-education-hub.eu\/#website\"},\"datePublished\":\"2018-08-16T08:20:18+00:00\",\"dateModified\":\"2026-02-20T05:19:56+00:00\",\"breadcrumb\":{\"@id\":\"https:\/\/automotive-education-hub.eu\/contact\/#breadcrumb\"},\"inLanguage\":\"vi\",\"potentialAction\":[{\"@type\":\"ReadAction\",\"target\":[\"https:\/\/automotive-education-hub.eu\/contact\/\"]}]},{\"@type\":\"BreadcrumbList\",\"@id\":\"https:\/\/automotive-education-hub.eu\/contact\/#breadcrumb\",\"itemListElement\":[{\"@type\":\"ListItem\",\"position\":1,\"name\":\"Home\",\"item\":\"https:\/\/automotive-education-hub.eu\/\"},{\"@type\":\"ListItem\",\"position\":2,\"name\":\"Contact\"}]},{\"@type\":\"WebSite\",\"@id\":\"https:\/\/automotive-education-hub.eu\/#website\",\"url\":\"https:\/\/automotive-education-hub.eu\/\",\"name\":\"Automotive Education Hub\",\"description\":\"\",\"publisher\":{\"@id\":\"https:\/\/automotive-education-hub.eu\/#organization\"},\"potentialAction\":[{\"@type\":\"SearchAction\",\"target\":{\"@type\":\"EntryPoint\",\"urlTemplate\":\"https:\/\/automotive-education-hub.eu\/?s={search_term_string}\"},\"query-input\":{\"@type\":\"PropertyValueSpecification\",\"valueRequired\":true,\"valueName\":\"search_term_string\"}}],\"inLanguage\":\"vi\"},{\"@type\":\"Organization\",\"@id\":\"https:\/\/automotive-education-hub.eu\/#organization\",\"name\":\"Automotive Education Hub\",\"url\":\"https:\/\/automotive-education-hub.eu\/\",\"logo\":{\"@type\":\"ImageObject\",\"inLanguage\":\"vi\",\"@id\":\"https:\/\/automotive-education-hub.eu\/#\/schema\/logo\/image\/\",\"url\":\"https:\/\/automotive-education-hub.eu\/wp-content\/uploads\/2024\/05\/Automotive-Logo.png\",\"contentUrl\":\"https:\/\/automotive-education-hub.eu\/wp-content\/uploads\/2024\/05\/Automotive-Logo.png\",\"width\":491,\"height\":118,\"caption\":\"Automotive Education Hub\"},\"image\":{\"@id\":\"https:\/\/automotive-education-hub.eu\/#\/schema\/logo\/image\/\"}}]}<\/script>\n<!-- \/ Yoast SEO plugin. -->","yoast_head_json":{"title":"Contact - Automotive Education Hub","robots":{"index":"index","follow":"follow","max-snippet":"max-snippet:-1","max-image-preview":"max-image-preview:large","max-video-preview":"max-video-preview:-1"},"canonical":"https:\/\/automotive-education-hub.eu\/vi\/contact\/","og_locale":"vi_VN","og_type":"article","og_title":"Contact - Automotive Education Hub","og_url":"https:\/\/automotive-education-hub.eu\/vi\/contact\/","og_site_name":"Automotive Education Hub","article_modified_time":"2026-02-20T05:19:56+00:00","og_image":[{"width":1261,"height":774,"url":"https:\/\/automotive-education-hub.eu\/wp-content\/uploads\/2024\/09\/site-image.png","type":"image\/png"}],"twitter_card":"summary_large_image","twitter_misc":{"\u01af\u1edbc t\u00ednh th\u1eddi gian \u0111\u1ecdc":"1 ph\u00fat"},"schema":{"@context":"https:\/\/schema.org","@graph":[{"@type":"WebPage","@id":"https:\/\/automotive-education-hub.eu\/contact\/","url":"https:\/\/automotive-education-hub.eu\/contact\/","name":"Contact - Automotive Education Hub","isPartOf":{"@id":"https:\/\/automotive-education-hub.eu\/#website"},"datePublished":"2018-08-16T08:20:18+00:00","dateModified":"2026-02-20T05:19:56+00:00","breadcrumb":{"@id":"https:\/\/automotive-education-hub.eu\/contact\/#breadcrumb"},"inLanguage":"vi","potentialAction":[{"@type":"ReadAction","target":["https:\/\/automotive-education-hub.eu\/contact\/"]}]},{"@type":"BreadcrumbList","@id":"https:\/\/automotive-education-hub.eu\/contact\/#breadcrumb","itemListElement":[{"@type":"ListItem","position":1,"name":"Home","item":"https:\/\/automotive-education-hub.eu\/"},{"@type":"ListItem","position":2,"name":"Contact"}]},{"@type":"WebSite","@id":"https:\/\/automotive-education-hub.eu\/#website","url":"https:\/\/automotive-education-hub.eu\/","name":"Automotive Education Hub","description":"","publisher":{"@id":"https:\/\/automotive-education-hub.eu\/#organization"},"potentialAction":[{"@type":"SearchAction","target":{"@type":"EntryPoint","urlTemplate":"https:\/\/automotive-education-hub.eu\/?s={search_term_string}"},"query-input":{"@type":"PropertyValueSpecification","valueRequired":true,"valueName":"search_term_string"}}],"inLanguage":"vi"},{"@type":"Organization","@id":"https:\/\/automotive-education-hub.eu\/#organization","name":"Automotive Education Hub","url":"https:\/\/automotive-education-hub.eu\/","logo":{"@type":"ImageObject","inLanguage":"vi","@id":"https:\/\/automotive-education-hub.eu\/#\/schema\/logo\/image\/","url":"https:\/\/automotive-education-hub.eu\/wp-content\/uploads\/2024\/05\/Automotive-Logo.png","contentUrl":"https:\/\/automotive-education-hub.eu\/wp-content\/uploads\/2024\/05\/Automotive-Logo.png","width":491,"height":118,"caption":"Automotive Education Hub"},"image":{"@id":"https:\/\/automotive-education-hub.eu\/#\/schema\/logo\/image\/"}}]}},"_links":{"self":[{"href":"https:\/\/automotive-education-hub.eu\/vi\/wp-json\/wp\/v2\/pages\/292","targetHints":{"allow":["GET"]}}],"collection":[{"href":"https:\/\/automotive-education-hub.eu\/vi\/wp-json\/wp\/v2\/pages"}],"about":[{"href":"https:\/\/automotive-education-hub.eu\/vi\/wp-json\/wp\/v2\/types\/page"}],"author":[{"embeddable":true,"href":"https:\/\/automotive-education-hub.eu\/vi\/wp-json\/wp\/v2\/users\/5"}],"replies":[{"embeddable":true,"href":"https:\/\/automotive-education-hub.eu\/vi\/wp-json\/wp\/v2\/comments?post=292"}],"version-history":[{"count":23,"href":"https:\/\/automotive-education-hub.eu\/vi\/wp-json\/wp\/v2\/pages\/292\/revisions"}],"predecessor-version":[{"id":817,"href":"https:\/\/automotive-education-hub.eu\/vi\/wp-json\/wp\/v2\/pages\/292\/revisions\/817"}],"wp:attachment":[{"href":"https:\/\/automotive-education-hub.eu\/vi\/wp-json\/wp\/v2\/media?parent=292"}],"curies":[{"name":"wp","href":"https:\/\/api.w.org\/{rel}","templated":true}]}}