{"id":294,"date":"2018-08-16T08:43:10","date_gmt":"2018-08-16T08:43:10","guid":{"rendered":"https:\/\/www.athenastudio.co\/themes\/appme-wp\/?page_id=30"},"modified":"2026-04-10T09:12:33","modified_gmt":"2026-04-10T09:12:33","slug":"home","status":"publish","type":"page","link":"https:\/\/automotive-education-hub.eu\/vi\/","title":{"rendered":"Trang ch\u1ee7"},"content":{"rendered":"<div class=\"wpb-content-wrapper\"><div class=\"vc_row wpb_row vc_row-fluid\"><div class=\"header-content download-button wpb_column vc_column_container vc_col-sm-7\"><div class=\"vc_column-inner\"><div class=\"wpb_wrapper\"><h2>Th\u00fac \u0111\u1ea9y s\u1ef1 nghi\u1ec7p c\u1ee7a b\u1ea1n ti\u1ebfn xa h\u01a1n trong ng\u00e0nh c\u00f4ng nghi\u1ec7p \u00f4 t\u00f4!<\/h2><p>Ti\u1ebfp th\u00eam n\u0103ng l\u01b0\u1ee3ng cho c\u01a1 h\u1ed9i ngh\u1ec1 nghi\u1ec7p c\u1ee7a b\u1ea1n b\u1eb1ng \u1ee9ng d\u1ee5ng s\u00e1ng t\u1ea1o c\u1ee7a ch\u00fang t\u00f4i \u0111\u1ec3 truy c\u1eadp v\u00e0o c\u00e1c kh\u00f3a h\u1ecdc tr\u1ef1c tuy\u1ebfn v\u00e0 n\u1ec1n t\u1ea3ng h\u1ecdc t\u1eadp mi\u1ec5n ph\u00ed to\u00e0n di\u1ec7n nh\u1ea5t c\u1ee7a Li\u00ean minh Ch\u00e2u \u00c2u.<\/p>\n<div style=\"imargin-top: 24px; line-height: 1;\" class=\"app-store-btns\">\n<p>  <!-- Google Play --><br \/>\n<a href=\"https:\/\/play.google.com\/store\/apps\/details?id=com.riff_fly.automotive\" target=\"_blank\" rel=\"noopener\" style=\"display: inline-block; margin-right: 10px; margin-bottom: 0; vertical-align: middle;\"><br \/>\n<img decoding=\"async\" src=\"https:\/\/automotive-education-hub.eu\/wp-content\/uploads\/2025\/01\/google-play.webp\" alt=\"Google Play\" style=\"height: 60px; width: 160px; object-fit: contain; display: inline-block;\" \/><br \/>\n<\/a><\/p>\n<p><!-- App Store --><br \/>\n<a id=\"app_store_download_btn\" href=\"#\" target=\"_blank\" rel=\"noopener\" style=\"display: inline-block; vertical-align: middle;\"><br \/>\n<img decoding=\"async\" src=\"https:\/\/developer.apple.com\/assets\/elements\/badges\/download-on-the-app-store.svg\" alt=\"App Store\" style=\"height: 50px; width: 160px; object-fit: contain; display: inline-block;\" \/><br \/>\n<\/a><\/p>\n<\/div>\n<p><\/p><\/div><\/div><\/div><div class=\"wpb_column vc_column_container vc_col-sm-3 vc_col-lg-offset-2\"><div class=\"vc_column-inner\"><div class=\"wpb_wrapper\"><div class=\"owl-carousel owl-theme header-slider\" id=\"header-slider-carousel\"><div class=\"item\">\r\n\t\t\t\t\t\t\t<div class=\"slider-image\">\r\n\t\t\t\t\t\t\t\t<img decoding=\"async\" src=\"https:\/\/automotive-education-hub.eu\/wp-content\/uploads\/2024\/05\/Group-907.png\" alt=\"slider\" \/>\r\n\t\t\t\t\t\t\t<\/div>\r\n\t\t\t\t\t\t<\/div><div class=\"item\">\r\n\t\t\t\t\t\t\t<div class=\"slider-image\">\r\n\t\t\t\t\t\t\t\t<img decoding=\"async\" src=\"https:\/\/automotive-education-hub.eu\/wp-content\/uploads\/2024\/05\/Full-Topics.png\" alt=\"slider\" \/>\r\n\t\t\t\t\t\t\t<\/div>\r\n\t\t\t\t\t\t<\/div><div class=\"item\">\r\n\t\t\t\t\t\t\t<div class=\"slider-image\">\r\n\t\t\t\t\t\t\t\t<img decoding=\"async\" src=\"https:\/\/automotive-education-hub.eu\/wp-content\/uploads\/2024\/05\/Auto-Test.png\" alt=\"slider\" \/>\r\n\t\t\t\t\t\t\t<\/div>\r\n\t\t\t\t\t\t<\/div><div class=\"item\">\r\n\t\t\t\t\t\t\t<div class=\"slider-image\">\r\n\t\t\t\t\t\t\t\t<img decoding=\"async\" src=\"https:\/\/automotive-education-hub.eu\/wp-content\/uploads\/2025\/02\/AEH_global_test_results_android.webp\" alt=\"slider\" \/>\r\n\t\t\t\t\t\t\t<\/div>\r\n\t\t\t\t\t\t<\/div><div class=\"item\">\r\n\t\t\t\t\t\t\t<div class=\"slider-image\">\r\n\t\t\t\t\t\t\t\t<img decoding=\"async\" src=\"https:\/\/automotive-education-hub.eu\/wp-content\/uploads\/2026\/04\/m-auto-3.png\" alt=\"slider\" \/>\r\n\t\t\t\t\t\t\t<\/div>\r\n\t\t\t\t\t\t<\/div><div class=\"item\">\r\n\t\t\t\t\t\t\t<div class=\"slider-image\">\r\n\t\t\t\t\t\t\t\t<img decoding=\"async\" src=\"https:\/\/automotive-education-hub.eu\/wp-content\/uploads\/2026\/04\/m-auto-4.png\" alt=\"slider\" \/>\r\n\t\t\t\t\t\t\t<\/div>\r\n\t\t\t\t\t\t<\/div><div class=\"item\">\r\n\t\t\t\t\t\t\t<div class=\"slider-image\">\r\n\t\t\t\t\t\t\t\t<img decoding=\"async\" src=\"https:\/\/automotive-education-hub.eu\/wp-content\/uploads\/2026\/04\/m-auto-2.png\" alt=\"slider\" \/>\r\n\t\t\t\t\t\t\t<\/div>\r\n\t\t\t\t\t\t<\/div><div class=\"item\">\r\n\t\t\t\t\t\t\t<div class=\"slider-image\">\r\n\t\t\t\t\t\t\t\t<img decoding=\"async\" src=\"https:\/\/automotive-education-hub.eu\/wp-content\/uploads\/2026\/04\/m-auto-1.png\" alt=\"slider\" \/>\r\n\t\t\t\t\t\t\t<\/div>\r\n\t\t\t\t\t\t<\/div><div class=\"item\">\r\n\t\t\t\t\t\t\t<div class=\"slider-image\">\r\n\t\t\t\t\t\t\t\t<img decoding=\"async\" src=\"https:\/\/automotive-education-hub.eu\/wp-content\/uploads\/2026\/04\/m-auto-5.png\" alt=\"slider\" \/>\r\n\t\t\t\t\t\t\t<\/div>\r\n\t\t\t\t\t\t<\/div><\/div><\/div><\/div><\/div><\/div>\n<\/div>","protected":false},"excerpt":{"rendered":"Drive Your Career Forwards in the Automotive Industry!Refuel your career opportunities with our innovative app to access the European Union\u2019s most extensive free online courses and learning platforms.","protected":false},"author":5,"featured_media":0,"parent":0,"menu_order":0,"comment_status":"closed","ping_status":"closed","template":"templates\/front.php","meta":{"footnotes":""},"class_list":["post-294","page","type-page","status-publish","hentry"],"yoast_head":"<!-- This site is optimized with the Yoast SEO plugin v23.9 - https:\/\/yoast.com\/wordpress\/plugins\/seo\/ -->\n<title>Home - Automotive Education Hub<\/title>\n<meta name=\"robots\" content=\"index, follow, max-snippet:-1, max-image-preview:large, max-video-preview:-1\" \/>\n<link rel=\"canonical\" href=\"https:\/\/automotive-education-hub.eu\/vi\/\" \/>\n<meta property=\"og:locale\" content=\"vi_VN\" \/>\n<meta property=\"og:type\" content=\"article\" \/>\n<meta property=\"og:title\" content=\"Home - Automotive Education Hub\" \/>\n<meta property=\"og:url\" content=\"https:\/\/automotive-education-hub.eu\/vi\/\" \/>\n<meta property=\"og:site_name\" content=\"Automotive Education Hub\" \/>\n<meta property=\"article:modified_time\" content=\"2026-04-10T09:12:33+00:00\" \/>\n<meta property=\"og:image\" content=\"https:\/\/automotive-education-hub.eu\/wp-content\/uploads\/2025\/01\/google-play.webp\" \/>\n<meta name=\"twitter:card\" content=\"summary_large_image\" \/>\n<meta name=\"twitter:label1\" content=\"\u01af\u1edbc t\u00ednh th\u1eddi gian \u0111\u1ecdc\" \/>\n\t<meta name=\"twitter:data1\" content=\"1 ph\u00fat\" \/>\n<script type=\"application\/ld+json\" class=\"yoast-schema-graph\">{\"@context\":\"https:\/\/schema.org\",\"@graph\":[{\"@type\":\"WebPage\",\"@id\":\"https:\/\/automotive-education-hub.eu\/\",\"url\":\"https:\/\/automotive-education-hub.eu\/\",\"name\":\"Home - Automotive Education Hub\",\"isPartOf\":{\"@id\":\"https:\/\/automotive-education-hub.eu\/#website\"},\"primaryImageOfPage\":{\"@id\":\"https:\/\/automotive-education-hub.eu\/#primaryimage\"},\"image\":{\"@id\":\"https:\/\/automotive-education-hub.eu\/#primaryimage\"},\"thumbnailUrl\":\"https:\/\/automotive-education-hub.eu\/wp-content\/uploads\/2025\/01\/google-play.webp\",\"datePublished\":\"2018-08-16T08:43:10+00:00\",\"dateModified\":\"2026-04-10T09:12:33+00:00\",\"breadcrumb\":{\"@id\":\"https:\/\/automotive-education-hub.eu\/#breadcrumb\"},\"inLanguage\":\"vi\",\"potentialAction\":[{\"@type\":\"ReadAction\",\"target\":[\"https:\/\/automotive-education-hub.eu\/\"]}]},{\"@type\":\"ImageObject\",\"inLanguage\":\"vi\",\"@id\":\"https:\/\/automotive-education-hub.eu\/#primaryimage\",\"url\":\"https:\/\/automotive-education-hub.eu\/wp-content\/uploads\/2025\/01\/google-play.webp\",\"contentUrl\":\"https:\/\/automotive-education-hub.eu\/wp-content\/uploads\/2025\/01\/google-play.webp\"},{\"@type\":\"BreadcrumbList\",\"@id\":\"https:\/\/automotive-education-hub.eu\/#breadcrumb\",\"itemListElement\":[{\"@type\":\"ListItem\",\"position\":1,\"name\":\"Home\",\"item\":\"https:\/\/automotive-education-hub.eu\/\"},{\"@type\":\"ListItem\",\"position\":2,\"name\":\"Home\"}]},{\"@type\":\"WebSite\",\"@id\":\"https:\/\/automotive-education-hub.eu\/#website\",\"url\":\"https:\/\/automotive-education-hub.eu\/\",\"name\":\"Automotive Education Hub\",\"description\":\"\",\"publisher\":{\"@id\":\"https:\/\/automotive-education-hub.eu\/#organization\"},\"potentialAction\":[{\"@type\":\"SearchAction\",\"target\":{\"@type\":\"EntryPoint\",\"urlTemplate\":\"https:\/\/automotive-education-hub.eu\/?s={search_term_string}\"},\"query-input\":{\"@type\":\"PropertyValueSpecification\",\"valueRequired\":true,\"valueName\":\"search_term_string\"}}],\"inLanguage\":\"vi\"},{\"@type\":\"Organization\",\"@id\":\"https:\/\/automotive-education-hub.eu\/#organization\",\"name\":\"Automotive Education Hub\",\"url\":\"https:\/\/automotive-education-hub.eu\/\",\"logo\":{\"@type\":\"ImageObject\",\"inLanguage\":\"vi\",\"@id\":\"https:\/\/automotive-education-hub.eu\/#\/schema\/logo\/image\/\",\"url\":\"https:\/\/automotive-education-hub.eu\/wp-content\/uploads\/2024\/05\/Automotive-Logo.png\",\"contentUrl\":\"https:\/\/automotive-education-hub.eu\/wp-content\/uploads\/2024\/05\/Automotive-Logo.png\",\"width\":491,\"height\":118,\"caption\":\"Automotive Education Hub\"},\"image\":{\"@id\":\"https:\/\/automotive-education-hub.eu\/#\/schema\/logo\/image\/\"}}]}<\/script>\n<!-- \/ Yoast SEO plugin. -->","yoast_head_json":{"title":"Home - Automotive Education Hub","robots":{"index":"index","follow":"follow","max-snippet":"max-snippet:-1","max-image-preview":"max-image-preview:large","max-video-preview":"max-video-preview:-1"},"canonical":"https:\/\/automotive-education-hub.eu\/vi\/","og_locale":"vi_VN","og_type":"article","og_title":"Home - Automotive Education Hub","og_url":"https:\/\/automotive-education-hub.eu\/vi\/","og_site_name":"Automotive Education Hub","article_modified_time":"2026-04-10T09:12:33+00:00","og_image":[{"url":"https:\/\/automotive-education-hub.eu\/wp-content\/uploads\/2025\/01\/google-play.webp"}],"twitter_card":"summary_large_image","twitter_misc":{"\u01af\u1edbc t\u00ednh th\u1eddi gian \u0111\u1ecdc":"1 ph\u00fat"},"schema":{"@context":"https:\/\/schema.org","@graph":[{"@type":"WebPage","@id":"https:\/\/automotive-education-hub.eu\/","url":"https:\/\/automotive-education-hub.eu\/","name":"Home - Automotive Education Hub","isPartOf":{"@id":"https:\/\/automotive-education-hub.eu\/#website"},"primaryImageOfPage":{"@id":"https:\/\/automotive-education-hub.eu\/#primaryimage"},"image":{"@id":"https:\/\/automotive-education-hub.eu\/#primaryimage"},"thumbnailUrl":"https:\/\/automotive-education-hub.eu\/wp-content\/uploads\/2025\/01\/google-play.webp","datePublished":"2018-08-16T08:43:10+00:00","dateModified":"2026-04-10T09:12:33+00:00","breadcrumb":{"@id":"https:\/\/automotive-education-hub.eu\/#breadcrumb"},"inLanguage":"vi","potentialAction":[{"@type":"ReadAction","target":["https:\/\/automotive-education-hub.eu\/"]}]},{"@type":"ImageObject","inLanguage":"vi","@id":"https:\/\/automotive-education-hub.eu\/#primaryimage","url":"https:\/\/automotive-education-hub.eu\/wp-content\/uploads\/2025\/01\/google-play.webp","contentUrl":"https:\/\/automotive-education-hub.eu\/wp-content\/uploads\/2025\/01\/google-play.webp"},{"@type":"BreadcrumbList","@id":"https:\/\/automotive-education-hub.eu\/#breadcrumb","itemListElement":[{"@type":"ListItem","position":1,"name":"Home","item":"https:\/\/automotive-education-hub.eu\/"},{"@type":"ListItem","position":2,"name":"Home"}]},{"@type":"WebSite","@id":"https:\/\/automotive-education-hub.eu\/#website","url":"https:\/\/automotive-education-hub.eu\/","name":"Automotive Education Hub","description":"","publisher":{"@id":"https:\/\/automotive-education-hub.eu\/#organization"},"potentialAction":[{"@type":"SearchAction","target":{"@type":"EntryPoint","urlTemplate":"https:\/\/automotive-education-hub.eu\/?s={search_term_string}"},"query-input":{"@type":"PropertyValueSpecification","valueRequired":true,"valueName":"search_term_string"}}],"inLanguage":"vi"},{"@type":"Organization","@id":"https:\/\/automotive-education-hub.eu\/#organization","name":"Automotive Education Hub","url":"https:\/\/automotive-education-hub.eu\/","logo":{"@type":"ImageObject","inLanguage":"vi","@id":"https:\/\/automotive-education-hub.eu\/#\/schema\/logo\/image\/","url":"https:\/\/automotive-education-hub.eu\/wp-content\/uploads\/2024\/05\/Automotive-Logo.png","contentUrl":"https:\/\/automotive-education-hub.eu\/wp-content\/uploads\/2024\/05\/Automotive-Logo.png","width":491,"height":118,"caption":"Automotive Education Hub"},"image":{"@id":"https:\/\/automotive-education-hub.eu\/#\/schema\/logo\/image\/"}}]}},"_links":{"self":[{"href":"https:\/\/automotive-education-hub.eu\/vi\/wp-json\/wp\/v2\/pages\/294","targetHints":{"allow":["GET"]}}],"collection":[{"href":"https:\/\/automotive-education-hub.eu\/vi\/wp-json\/wp\/v2\/pages"}],"about":[{"href":"https:\/\/automotive-education-hub.eu\/vi\/wp-json\/wp\/v2\/types\/page"}],"author":[{"embeddable":true,"href":"https:\/\/automotive-education-hub.eu\/vi\/wp-json\/wp\/v2\/users\/5"}],"replies":[{"embeddable":true,"href":"https:\/\/automotive-education-hub.eu\/vi\/wp-json\/wp\/v2\/comments?post=294"}],"version-history":[{"count":45,"href":"https:\/\/automotive-education-hub.eu\/vi\/wp-json\/wp\/v2\/pages\/294\/revisions"}],"predecessor-version":[{"id":950,"href":"https:\/\/automotive-education-hub.eu\/vi\/wp-json\/wp\/v2\/pages\/294\/revisions\/950"}],"wp:attachment":[{"href":"https:\/\/automotive-education-hub.eu\/vi\/wp-json\/wp\/v2\/media?parent=294"}],"curies":[{"name":"wp","href":"https:\/\/api.w.org\/{rel}","templated":true}]}}