{"id":793,"date":"2025-10-31T04:13:36","date_gmt":"2025-10-31T04:13:36","guid":{"rendered":"https:\/\/automotive-education-hub.eu\/?page_id=793"},"modified":"2025-10-31T05:28:09","modified_gmt":"2025-10-31T05:28:09","slug":"app-legal-policy","status":"publish","type":"page","link":"https:\/\/automotive-education-hub.eu\/vi\/app-legal-policy\/","title":{"rendered":"Ch\u00ednh s\u00e1ch ph\u00e1p l\u00fd c\u1ee7a \u1ee9ng d\u1ee5ng"},"content":{"rendered":"<div class=\"wpb-content-wrapper\"><div class=\"vc_row wpb_row vc_row-fluid\"><div class=\"wpb_column vc_column_container vc_col-sm-12\"><div class=\"vc_column-inner\"><div class=\"wpb_wrapper\">\n\t<div class=\"wpb_text_column wpb_content_element\" >\n\t\t<div class=\"wpb_wrapper\">\n\t\t\t<h3 class=\"p1\"><b>1. \u0110i\u1ec1u kho\u1ea3n v\u00e0 \u0110i\u1ec1u ki\u1ec7n<\/b><\/h3>\n<h6 class=\"p1\"><b><br \/>\n<\/b><strong>1.1 Th\u1ecfa thu\u1eadn<\/strong><\/h6>\n<p class=\"p3\">C\u00e1c \u0110i\u1ec1u kho\u1ea3n v\u00e0 \u0110i\u1ec1u ki\u1ec7n n\u00e0y (\u201c\u0110i\u1ec1u kho\u1ea3n\u201d) chi ph\u1ed1i vi\u1ec7c b\u1ea1n s\u1eed d\u1ee5ng \u1ee9ng d\u1ee5ng di \u0111\u1ed9ng Automotive Education Hub (\u201c\u1ee8ng d\u1ee5ng\u201d), thu\u1ed9c s\u1edf h\u1eefu v\u00e0 \u0111\u01b0\u1ee3c v\u1eadn h\u00e0nh b\u1edfi Duotesting s.r.o (\u201cch\u00fang t\u00f4i\u201d, \u201cc\u1ee7a ch\u00fang t\u00f4i\u201d). B\u1eb1ng c\u00e1ch t\u1ea3i xu\u1ed1ng, truy c\u1eadp ho\u1eb7c s\u1eed d\u1ee5ng \u1ee8ng d\u1ee5ng, b\u1ea1n \u0111\u1ed3ng \u00fd ch\u1ecbu r\u00e0ng bu\u1ed9c b\u1edfi c\u00e1c \u0110i\u1ec1u kho\u1ea3n n\u00e0y. N\u1ebfu b\u1ea1n kh\u00f4ng \u0111\u1ed3ng \u00fd, b\u1ea1n kh\u00f4ng \u0111\u01b0\u1ee3c ph\u00e9p s\u1eed d\u1ee5ng \u1ee8ng d\u1ee5ng.<\/p>\n<h6 class=\"p2\"><b>1.2 \u0110i\u1ec1u ki\u1ec7n v\u00e0 T\u00e0i kho\u1ea3n<\/b><\/h6>\n<ul class=\"ul1\">\n<li class=\"li3\">B\u1ea1n ph\u1ea3i \u00edt nh\u1ea5t 16 tu\u1ed5i (ho\u1eb7c \u0111\u1ed9 tu\u1ed5i tr\u01b0\u1edfng th\u00e0nh h\u1ee3p ph\u00e1p t\u1ea1i khu v\u1ef1c ph\u00e1p l\u00fd c\u1ee7a b\u1ea1n) \u0111\u1ec3 c\u00f3 th\u1ec3 t\u1ea1o t\u00e0i kho\u1ea3n th\u00e0nh vi\u00ean.<\/li>\n<\/ul>\n<h6 class=\"p2\"><b>1.3 D\u1ecbch v\u1ee5 \u0111\u01b0\u1ee3c cung c\u1ea5p<\/b><\/h6>\n<ul class=\"ul1\">\n<li class=\"li4\">\u1ee8ng d\u1ee5ng n\u00e0y cung c\u1ea5p c\u00e1c b\u00e0i ki\u1ec3m tra tr\u1ef1c tuy\u1ebfn v\u00e0 quy\u1ec1n truy c\u1eadp v\u00e0o c\u00e1c kh\u00f3a h\u1ecdc tr\u1ef1c tuy\u1ebfn mi\u1ec5n ph\u00ed do c\u00e1c nh\u00e0 cung c\u1ea5p b\u00ean th\u1ee9 ba cung c\u1ea5p cho c\u00e1c th\u00e0nh vi\u00ean tr\u1ea3 ph\u00ed.<\/li>\n<li class=\"li3\">Ch\u00fang t\u00f4i kh\u00f4ng ki\u1ec3m so\u00e1t ho\u1eb7c s\u1edf h\u1eefu n\u1ed9i dung c\u1ee7a b\u00ean th\u1ee9 ba. Vi\u1ec7c truy c\u1eadp n\u1ed9i dung \u0111\u00f3 ph\u1ea3i tu\u00e2n theo c\u00e1c \u0111i\u1ec1u kho\u1ea3n c\u1ee7a nh\u00e0 cung c\u1ea5p t\u01b0\u01a1ng \u1ee9ng.<\/li>\n<\/ul>\n<h6 class=\"p2\"><b>1.4 Th\u00e0nh vi\u00ean v\u00e0 Thanh to\u00e1n<\/b><\/h6>\n<ul class=\"ul1\">\n<li class=\"li4\">M\u1ed9t s\u1ed1 t\u00ednh n\u0103ng c\u1ee7a \u1ee8ng d\u1ee5ng y\u00eau c\u1ea7u ph\u1ea3i c\u00f3 t\u01b0 c\u00e1ch th\u00e0nh vi\u00ean tr\u1ea3 ph\u00ed (\u201c\u0110\u0103ng k\u00fd\u201d).<\/li>\n<li class=\"li4\">\u0110\u0103ng k\u00fd s\u1ebd \u0111\u01b0\u1ee3c thanh to\u00e1n theo \u0111\u1ecbnh k\u1ef3 [h\u00e0ng th\u00e1ng\/h\u00e0ng n\u0103m] tr\u1eeb khi b\u1ecb h\u1ee7y.<\/li>\n<li class=\"li4\">M\u1ecdi kho\u1ea3n thanh to\u00e1n \u0111\u1ec1u \u0111\u01b0\u1ee3c x\u1eed l\u00fd th\u00f4ng qua b\u1ed9 x\u1eed l\u00fd thanh to\u00e1n c\u1ee7a b\u00ean th\u1ee9 ba. Ch\u00fang t\u00f4i kh\u00f4ng l\u01b0u tr\u1eef th\u00f4ng tin th\u1ebb thanh to\u00e1n.<\/li>\n<li class=\"li3\">Ph\u00ed kh\u00f4ng \u0111\u01b0\u1ee3c ho\u00e0n l\u1ea1i tr\u1eeb khi ph\u00e1p lu\u1eadt y\u00eau c\u1ea7u.<\/li>\n<\/ul>\n<h6 class=\"p2\"><b>1.5 Tr\u00e1ch nhi\u1ec7m c\u1ee7a ng\u01b0\u1eddi d\u00f9ng<\/b><\/h6>\n<p class=\"p5\">B\u1ea1n \u0111\u1ed3ng \u00fd kh\u00f4ng s\u1eed d\u1ee5ng sai m\u1ee5c \u0111\u00edch \u1ee8ng d\u1ee5ng, bao g\u1ed3m nh\u01b0ng kh\u00f4ng gi\u1edbi h\u1ea1n \u1edf:<\/p>\n<ul class=\"ul1\">\n<li class=\"li4\">Gian l\u1eadn ho\u1eb7c l\u00e0m sai l\u1ec7ch k\u1ebft qu\u1ea3 x\u00e9t nghi\u1ec7m.<\/li>\n<li class=\"li5\">Sao ch\u00e9p, ph\u00e2n ph\u1ed1i l\u1ea1i ho\u1eb7c b\u00e1n l\u1ea1i n\u1ed9i dung m\u00e0 kh\u00f4ng \u0111\u01b0\u1ee3c ph\u00e9p.<\/li>\n<\/ul>\n<p class=\"p3\">Ch\u00fang t\u00f4i c\u00f3 th\u1ec3 t\u1ea1m ng\u1eebng ho\u1eb7c ch\u1ea5m d\u1ee9t t\u00e0i kho\u1ea3n c\u1ee7a b\u1ea1n n\u1ebfu b\u1ea1n vi ph\u1ea1m c\u00e1c \u0110i\u1ec1u kho\u1ea3n n\u00e0y.<\/p>\n<h6 class=\"p2\"><b>1.6 S\u1edf h\u1eefu tr\u00ed tu\u1ec7<\/b><\/h6>\n<ul class=\"ul1\">\n<li class=\"li4\">M\u1ecdi n\u1ed9i dung, nh\u00e3n hi\u1ec7u v\u00e0 ph\u1ea7n m\u1ec1m trong \u1ee8ng d\u1ee5ng (tr\u1eeb n\u1ed9i dung c\u1ee7a b\u00ean th\u1ee9 ba) \u0111\u1ec1u thu\u1ed9c s\u1edf h\u1eefu ho\u1eb7c \u0111\u01b0\u1ee3c c\u1ea5p ph\u00e9p cho ch\u00fang t\u00f4i.<\/li>\n<li class=\"li3\">B\u1ea1n \u0111\u01b0\u1ee3c c\u1ea5p gi\u1ea5y ph\u00e9p c\u00f3 gi\u1edbi h\u1ea1n, kh\u00f4ng \u0111\u1ed9c quy\u1ec1n, kh\u00f4ng th\u1ec3 chuy\u1ec3n nh\u01b0\u1ee3ng \u0111\u1ec3 s\u1eed d\u1ee5ng \u1ee8ng d\u1ee5ng cho m\u1ee5c \u0111\u00edch c\u00e1 nh\u00e2n, phi th\u01b0\u01a1ng m\u1ea1i.<\/li>\n<\/ul>\n<h6 class=\"p2\"><b>1.7 N\u1ed9i dung c\u1ee7a b\u00ean th\u1ee9 ba<\/b><\/h6>\n<ul class=\"ul1\">\n<li class=\"li4\">\u1ee8ng d\u1ee5ng c\u00f3 th\u1ec3 li\u00ean k\u1ebft ho\u1eb7c t\u00edch h\u1ee3p v\u1edbi c\u00e1c trang web ho\u1eb7c d\u1ecbch v\u1ee5 c\u1ee7a b\u00ean th\u1ee9 ba.<\/li>\n<li class=\"li3\">Ch\u00fang t\u00f4i kh\u00f4ng ch\u1ecbu tr\u00e1ch nhi\u1ec7m v\u1ec1 n\u1ed9i dung, ch\u00ednh s\u00e1ch ho\u1eb7c ho\u1ea1t \u0111\u1ed9ng c\u1ee7a b\u00ean th\u1ee9 ba.<\/li>\n<\/ul>\n<h6 class=\"p2\"><b>1.8 Tuy\u00ean b\u1ed1 t\u1eeb ch\u1ed1i b\u1ea3o h\u00e0nh<\/b><\/h6>\n<ul class=\"ul1\">\n<li class=\"li4\">\u1ee8ng d\u1ee5ng \u0111\u01b0\u1ee3c cung c\u1ea5p \u201cnguy\u00ean tr\u1ea1ng\u201d v\u00e0 \u201ckhi c\u00f3 s\u1eb5n\u201d.<\/li>\n<li class=\"li3\">Ch\u00fang t\u00f4i kh\u00f4ng \u0111\u1ea3m b\u1ea3o d\u1ecbch v\u1ee5 kh\u00f4ng b\u1ecb gi\u00e1n \u0111o\u1ea1n, t\u00ednh ch\u00ednh x\u00e1c c\u1ee7a k\u1ebft qu\u1ea3 ki\u1ec3m tra ho\u1eb7c t\u00ednh kh\u1ea3 d\u1ee5ng c\u1ee7a n\u1ed9i dung c\u1ee7a b\u00ean th\u1ee9 ba.<\/li>\n<\/ul>\n<h6 class=\"p2\"><b>1.9 Gi\u1edbi h\u1ea1n tr\u00e1ch nhi\u1ec7m<\/b><\/h6>\n<ul class=\"ul1\">\n<li class=\"li4\">\u1ede m\u1ee9c \u0111\u1ed9 t\u1ed1i \u0111a \u0111\u01b0\u1ee3c ph\u00e1p lu\u1eadt cho ph\u00e9p, ch\u00fang t\u00f4i kh\u00f4ng ch\u1ecbu tr\u00e1ch nhi\u1ec7m \u0111\u1ed1i v\u1edbi b\u1ea5t k\u1ef3 thi\u1ec7t h\u1ea1i gi\u00e1n ti\u1ebfp, ng\u1eabu nhi\u00ean ho\u1eb7c thi\u1ec7t h\u1ea1i do h\u1eadu qu\u1ea3 n\u00e0o.<\/li>\n<li class=\"li3\">T\u1ed5ng tr\u00e1ch nhi\u1ec7m c\u1ee7a ch\u00fang t\u00f4i s\u1ebd kh\u00f4ng v\u01b0\u1ee3t qu\u00e1 s\u1ed1 ti\u1ec1n b\u1ea1n \u0111\u00e3 tr\u1ea3 cho G\u00f3i \u0111\u0103ng k\u00fd c\u1ee7a m\u00ecnh trong 3 th\u00e1ng tr\u01b0\u1edbc khi khi\u1ebfu n\u1ea1i.<\/li>\n<\/ul>\n<h6 class=\"p2\"><b>1.10 Ch\u1ea5m d\u1ee9t<\/b><\/h6>\n<ul class=\"ul1\">\n<li class=\"li4\">B\u1ea1n c\u00f3 th\u1ec3 h\u1ee7y \u0110\u0103ng k\u00fd b\u1ea5t c\u1ee9 l\u00fac n\u00e0o th\u00f4ng qua c\u00e0i \u0111\u1eb7t t\u00e0i kho\u1ea3n ho\u1eb7c c\u1eeda h\u00e0ng \u1ee9ng d\u1ee5ng.<\/li>\n<li class=\"li3\">Ch\u00fang t\u00f4i c\u00f3 th\u1ec3 t\u1ea1m ng\u1eebng ho\u1eb7c ch\u1ea5m d\u1ee9t t\u00e0i kho\u1ea3n c\u1ee7a b\u1ea1n theo quy\u1ebft \u0111\u1ecbnh c\u1ee7a ch\u00fang t\u00f4i n\u1ebfu b\u1ea1n vi ph\u1ea1m c\u00e1c \u0110i\u1ec1u kho\u1ea3n n\u00e0y.<\/li>\n<\/ul>\n<h6 class=\"p2\"><b>1.11 Lu\u1eadt \u00e1p d\u1ee5ng<\/b><\/h6>\n<p class=\"p5\">C\u00e1c \u0110i\u1ec1u kho\u1ea3n n\u00e0y \u0111\u01b0\u1ee3c \u0111i\u1ec1u ch\u1ec9nh b\u1edfi lu\u1eadt ph\u00e1p C\u1ed9ng h\u00f2a S\u00e9c. M\u1ecdi tranh ch\u1ea5p s\u1ebd thu\u1ed9c th\u1ea9m quy\u1ec1n x\u00e9t x\u1eed \u0111\u1ed9c quy\u1ec1n c\u1ee7a t\u00f2a \u00e1n Olomouc.<\/p>\n<p>&nbsp;<\/p>\n<h3 class=\"p1\"><b>2. Ch\u00ednh s\u00e1ch b\u1ea3o m\u1eadt<\/b><\/h3>\n<h6 class=\"p2\"><b><br \/>\n2.1 Th\u00f4ng tin ch\u00fang t\u00f4i thu th\u1eadp<\/b><span class=\"s1\"><br \/>\n<\/span><\/h6>\n<ul class=\"ul1\">\n<li class=\"li3 translation-block\"><b>Th\u00f4ng tin thanh to\u00e1n:<\/b> \u0110\u01b0\u1ee3c x\u1eed l\u00fd an to\u00e0n b\u1edfi c\u00e1c nh\u00e0 cung c\u1ea5p d\u1ecbch v\u1ee5 thanh to\u00e1n b\u00ean th\u1ee9 ba (ch\u00fang t\u00f4i kh\u00f4ng l\u01b0u tr\u1eef th\u00f4ng tin chi ti\u1ebft v\u1ec1 th\u1ebb).<\/li>\n<li class=\"li3 translation-block\"><b>D\u1eef li\u1ec7u s\u1eed d\u1ee5ng:<\/b> Ho\u1ea1t \u0111\u1ed9ng ki\u1ec3m tra, tr\u1ea1ng th\u00e1i \u0111\u0103ng k\u00fd, quy\u1ec1n truy c\u1eadp kh\u00f3a h\u1ecdc.<\/li>\n<li class=\"li4 translation-block\"><b>D\u1eef li\u1ec7u thi\u1ebft b\u1ecb:<\/b> Lo\u1ea1i thi\u1ebft b\u1ecb, h\u1ec7 \u0111i\u1ec1u h\u00e0nh, phi\u00ean b\u1ea3n \u1ee9ng d\u1ee5ng, \u0111\u1ecba ch\u1ec9 IP, ch\u1ea9n \u0111o\u00e1n.<\/li>\n<\/ul>\n<h6 class=\"p2\"><b>2.2 C\u00e1ch ch\u00fang t\u00f4i s\u1eed d\u1ee5ng th\u00f4ng tin<\/b><\/h6>\n<p class=\"p5\">Ch\u00fang t\u00f4i s\u1eed d\u1ee5ng d\u1eef li\u1ec7u c\u1ee7a b\u1ea1n \u0111\u1ec3:<\/p>\n<ul class=\"ul1\">\n<li class=\"li3\">Cung c\u1ea5p v\u00e0 v\u1eadn h\u00e0nh \u1ee9ng d\u1ee5ng.<\/li>\n<li class=\"li3\">X\u1eed l\u00fd thanh to\u00e1n v\u00e0 qu\u1ea3n l\u00fd \u0111\u0103ng k\u00fd.<\/li>\n<li class=\"li3\">C\u00e1 nh\u00e2n h\u00f3a tr\u1ea3i nghi\u1ec7m c\u1ee7a b\u1ea1n.<\/li>\n<li class=\"li3\">Truy\u1ec1n \u0111\u1ea1t th\u00f4ng tin c\u1eadp nh\u1eadt, \u01b0u \u0111\u00e3i v\u00e0 h\u1ed7 tr\u1ee3.<\/li>\n<li class=\"li4\">Tu\u00e2n th\u1ee7 c\u00e1c ngh\u0129a v\u1ee5 ph\u00e1p l\u00fd.<\/li>\n<\/ul>\n<h6 class=\"p2\"><b>2.3 Chia s\u1ebb th\u00f4ng tin<\/b><\/h6>\n<ul class=\"ul1\">\n<li class=\"li3 translation-block\"><b>Nh\u00e0 cung c\u1ea5p d\u1ecbch v\u1ee5:<\/b> thanh to\u00e1n v\u00e0 ph\u00e2n t\u00edch.<\/li>\n<li class=\"li4 translation-block\"><b>Y\u00eau c\u1ea7u ph\u00e1p l\u00fd:<\/b> Khi ph\u00e1p lu\u1eadt y\u00eau c\u1ea7u.<\/li>\n<\/ul>\n<h6 class=\"p2\"><b>2.4 B\u1ea3o m\u1eadt d\u1eef li\u1ec7u<\/b><\/h6>\n<p class=\"p4\">Ch\u00fang t\u00f4i s\u1eed d\u1ee5ng c\u00e1c bi\u1ec7n ph\u00e1p b\u1ea3o m\u1eadt ti\u00eau chu\u1ea9n ng\u00e0nh. Tuy nhi\u00ean, kh\u00f4ng c\u00f3 ph\u01b0\u01a1ng ph\u00e1p n\u00e0o an to\u00e0n 100%.<\/p>\n<h6 class=\"p2\"><b>2.5 Quy\u1ec1n c\u1ee7a b\u1ea1n<\/b><\/h6>\n<p class=\"p5\">Depending on your jurisdiction (e.g., GDPR, CCPA), you may have the right to:<\/p>\n<ul class=\"ul1\">\n<li class=\"li3\">Truy c\u1eadp, c\u1eadp nh\u1eadt ho\u1eb7c x\u00f3a d\u1eef li\u1ec7u c\u1ee7a b\u1ea1n.<\/li>\n<li class=\"li3\">T\u1eeb ch\u1ed1i ti\u1ebfp th\u1ecb.<\/li>\n<li class=\"li5\">Y\u00eau c\u1ea7u b\u1ea3n sao d\u1eef li\u1ec7u c\u1ee7a b\u1ea1n.<\/li>\n<\/ul>\n<p class=\"p4\">Li\u00ean h\u1ec7 v\u1edbi ch\u00fang t\u00f4i theo \u0111\u1ecba ch\u1ec9 sa@automotive-education-hub.eu \u0111\u1ec3 th\u1ef1c hi\u1ec7n c\u00e1c quy\u1ec1n n\u00e0y.<\/p>\n<h6 class=\"p2\"><b>2.6 Cookie<\/b><\/h6>\n<p class=\"p4\">Ch\u00fang t\u00f4i c\u00f3 th\u1ec3 s\u1eed d\u1ee5ng cookie ho\u1eb7c c\u00f4ng ngh\u1ec7 theo d\u00f5i \u0111\u1ec3 c\u1ea3i thi\u1ec7n tr\u1ea3i nghi\u1ec7m v\u00e0 ph\u00e2n t\u00edch c\u00e1ch s\u1eed d\u1ee5ng.<\/p>\n<h6 class=\"p2\"><b>2.7 Quy\u1ec1n ri\u00eang t\u01b0 c\u1ee7a tr\u1ebb em<\/b><\/h6>\n<p class=\"p4\">\u1ee8ng d\u1ee5ng n\u00e0y kh\u00f4ng d\u00e0nh cho ng\u01b0\u1eddi d\u00f9ng d\u01b0\u1edbi 16 tu\u1ed5i. Ch\u00fang t\u00f4i kh\u00f4ng c\u1ed1 \u00fd thu th\u1eadp d\u1eef li\u1ec7u c\u1ee7a tr\u1ebb em.<\/p>\n<h6 class=\"p2\"><b>2.8 L\u01b0u gi\u1eef d\u1eef li\u1ec7u<\/b><\/h6>\n<p class=\"p4\">Ch\u00fang t\u00f4i ch\u1ec9 l\u01b0u gi\u1eef d\u1eef li\u1ec7u c\u00e1 nh\u00e2n trong th\u1eddi gian c\u1ea7n thi\u1ebft cho c\u00e1c d\u1ecbch v\u1ee5 v\u00e0 tu\u00e2n th\u1ee7 ph\u00e1p lu\u1eadt.<\/p>\n<h6 class=\"p2\"><b>2.9 Li\u00ean k\u1ebft c\u1ee7a b\u00ean th\u1ee9 ba<\/b><\/h6>\n<p class=\"p4\">Ch\u00fang t\u00f4i kh\u00f4ng ch\u1ecbu tr\u00e1ch nhi\u1ec7m v\u1ec1 ch\u00ednh s\u00e1ch b\u1ea3o m\u1eadt c\u1ee7a c\u00e1c trang web b\u00ean th\u1ee9 ba \u0111\u01b0\u1ee3c li\u00ean k\u1ebft.<\/p>\n<h6 class=\"p2\"><b>B\u1ea3n c\u1eadp nh\u1eadt 2.10<\/b><\/h6>\n<p class=\"p5\">Ch\u00fang t\u00f4i c\u00f3 th\u1ec3 c\u1eadp nh\u1eadt Ch\u00ednh s\u00e1ch Quy\u1ec1n ri\u00eang t\u01b0 n\u00e0y theo th\u1eddi gian. Vi\u1ec7c ti\u1ebfp t\u1ee5c s\u1eed d\u1ee5ng \u1ee8ng d\u1ee5ng \u0111\u1ed3ng ngh\u0129a v\u1edbi vi\u1ec7c ch\u1ea5p nh\u1eadn c\u00e1c thay \u0111\u1ed5i.<\/p>\n<p>&nbsp;<\/p>\n<h3 class=\"p1\"><b>3. Ch\u00ednh s\u00e1ch ho\u00e0n ti\u1ec1n v\u00e0 h\u1ee7y b\u1ecf<\/b><\/h3>\n<h6 class=\"p2\"><b><br \/>\n3.1 \u0110\u0103ng k\u00fd<\/b><\/h6>\n<ul class=\"ul1\">\n<li class=\"li4\">\u0110\u0103ng k\u00fd s\u1ebd t\u1ef1 \u0111\u1ed9ng gia h\u1ea1n tr\u1eeb khi b\u1ecb h\u1ee7y.<\/li>\n<\/ul>\n<h6 class=\"p2\"><b>3.2 H\u1ee7y b\u1ecf<\/b><\/h6>\n<ul class=\"ul1\">\n<li class=\"li3\">H\u1ee7y b\u1ea5t c\u1ee9 l\u00fac n\u00e0o th\u00f4ng qua c\u00e0i \u0111\u1eb7t t\u00e0i kho\u1ea3n ho\u1eb7c c\u1eeda h\u00e0ng \u1ee9ng d\u1ee5ng (Google Play \/ Apple App Store).<\/li>\n<li class=\"li4\">Quy\u1ec1n truy c\u1eadp v\u1eabn c\u00f3 hi\u1ec7u l\u1ef1c cho \u0111\u1ebfn khi k\u1ebft th\u00fac chu k\u1ef3 thanh to\u00e1n.<\/li>\n<\/ul>\n<h6 class=\"p2\"><b>3.3 Ho\u00e0n ti\u1ec1n<\/b><\/h6>\n<ul class=\"ul1\">\n<li class=\"li3 translation-block\">C\u00e1c kho\u1ea3n thanh to\u00e1n th\u01b0\u1eddng <b>kh\u00f4ng \u0111\u01b0\u1ee3c ho\u00e0n l\u1ea1i<\/b>, tr\u1eeb khi ph\u00e1p lu\u1eadt y\u00eau c\u1ea7u.<\/li>\n<li class=\"li3\">Ph\u1ea3i y\u00eau c\u1ea7u ho\u00e0n ti\u1ec1n th\u00f4ng qua c\u1eeda h\u00e0ng \u1ee9ng d\u1ee5ng.<\/li>\n<li class=\"li4\">\u0110\u1ed1i v\u1edbi c\u00e1c v\u1ea5n \u0111\u1ec1 k\u1ef9 thu\u1eadt ho\u1eb7c ph\u00ed tr\u00e1i ph\u00e9p, h\u00e3y li\u00ean h\u1ec7 v\u1edbi ch\u00fang t\u00f4i theo \u0111\u1ecba ch\u1ec9 [Email h\u1ed7 tr\u1ee3].<\/li>\n<\/ul>\n<h6 class=\"p2\"><b>3.4 Thay \u0111\u1ed5i gi\u00e1<\/b><\/h6>\n<p class=\"p5\">Ch\u00fang t\u00f4i c\u00f3 th\u1ec3 \u0111i\u1ec1u ch\u1ec9nh ph\u00ed \u0111\u0103ng k\u00fd. Nh\u1eefng thay \u0111\u1ed5i s\u1ebd \u0111\u01b0\u1ee3c \u00e1p d\u1ee5ng v\u00e0o \u0111\u1ea7u chu k\u1ef3 thanh to\u00e1n ti\u1ebfp theo.<\/p>\n<p>&nbsp;<\/p>\n<h3 class=\"p7\"><b>4. Th\u00f4ng tin li\u00ean l\u1ea1c<\/b><\/h3>\n<p class=\"p5\">N\u1ebfu c\u00f3 th\u1eafc m\u1eafc v\u1ec1 c\u00e1c \u0110i\u1ec1u kho\u1ea3n, Quy\u1ec1n ri\u00eang t\u01b0 ho\u1eb7c Ch\u00ednh s\u00e1ch ho\u00e0n ti\u1ec1n n\u00e0y, vui l\u00f2ng li\u00ean h\u1ec7 v\u1edbi ch\u00fang t\u00f4i t\u1ea1i:<\/p>\n<p class=\"p5 translation-block\">Duotesting s.r.o<br>\nsa@automotive-education-hub.eu<br>\n28 \u0159ijna 11, Olomouc, 7799 00, C\u1ed9ng h\u00f2a S\u00e9c<\/p>\n\n\t\t<\/div>\n\t<\/div>\n<\/div><\/div><\/div><\/div>\n<\/div>","protected":false},"excerpt":{"rendered":"1. Terms and Conditions 1.1 Agreement These Terms and Conditions (\u201cTerms\u201d) govern your use of the Automotive Education Hub mobile application (\u201cApp\u201d), owned and operated by Duotesting s.r.o (\u201cwe,\u201d \u201cour,\u201d or \u201cus\u201d). By downloading, accessing, or using the App, you agree to be bound by these Terms. If you do not agree, you may not [...]","protected":false},"author":7,"featured_media":0,"parent":0,"menu_order":0,"comment_status":"closed","ping_status":"closed","template":"","meta":{"footnotes":""},"class_list":["post-793","page","type-page","status-publish","hentry"],"yoast_head":"<!-- This site is optimized with the Yoast SEO plugin v23.9 - https:\/\/yoast.com\/wordpress\/plugins\/seo\/ -->\n<title>App legal policy - Automotive Education Hub<\/title>\n<meta name=\"robots\" content=\"index, follow, max-snippet:-1, max-image-preview:large, max-video-preview:-1\" \/>\n<link rel=\"canonical\" href=\"https:\/\/automotive-education-hub.eu\/vi\/app-legal-policy\/\" \/>\n<meta property=\"og:locale\" content=\"vi_VN\" \/>\n<meta property=\"og:type\" content=\"article\" \/>\n<meta property=\"og:title\" content=\"App legal policy - Automotive Education Hub\" \/>\n<meta property=\"og:url\" content=\"https:\/\/automotive-education-hub.eu\/vi\/app-legal-policy\/\" \/>\n<meta property=\"og:site_name\" content=\"Automotive Education Hub\" \/>\n<meta property=\"article:modified_time\" content=\"2025-10-31T05:28:09+00:00\" \/>\n<meta property=\"og:image\" content=\"https:\/\/automotive-education-hub.eu\/wp-content\/uploads\/2024\/09\/site-image.png\" \/>\n\t<meta property=\"og:image:width\" content=\"1261\" \/>\n\t<meta property=\"og:image:height\" content=\"774\" \/>\n\t<meta property=\"og:image:type\" content=\"image\/png\" \/>\n<meta name=\"twitter:card\" content=\"summary_large_image\" \/>\n<script type=\"application\/ld+json\" class=\"yoast-schema-graph\">{\"@context\":\"https:\/\/schema.org\",\"@graph\":[{\"@type\":\"WebPage\",\"@id\":\"https:\/\/automotive-education-hub.eu\/app-legal-policy\/\",\"url\":\"https:\/\/automotive-education-hub.eu\/app-legal-policy\/\",\"name\":\"App legal policy - Automotive Education Hub\",\"isPartOf\":{\"@id\":\"https:\/\/automotive-education-hub.eu\/#website\"},\"datePublished\":\"2025-10-31T04:13:36+00:00\",\"dateModified\":\"2025-10-31T05:28:09+00:00\",\"breadcrumb\":{\"@id\":\"https:\/\/automotive-education-hub.eu\/app-legal-policy\/#breadcrumb\"},\"inLanguage\":\"vi\",\"potentialAction\":[{\"@type\":\"ReadAction\",\"target\":[\"https:\/\/automotive-education-hub.eu\/app-legal-policy\/\"]}]},{\"@type\":\"BreadcrumbList\",\"@id\":\"https:\/\/automotive-education-hub.eu\/app-legal-policy\/#breadcrumb\",\"itemListElement\":[{\"@type\":\"ListItem\",\"position\":1,\"name\":\"Home\",\"item\":\"https:\/\/automotive-education-hub.eu\/\"},{\"@type\":\"ListItem\",\"position\":2,\"name\":\"App legal policy\"}]},{\"@type\":\"WebSite\",\"@id\":\"https:\/\/automotive-education-hub.eu\/#website\",\"url\":\"https:\/\/automotive-education-hub.eu\/\",\"name\":\"Automotive Education Hub\",\"description\":\"\",\"publisher\":{\"@id\":\"https:\/\/automotive-education-hub.eu\/#organization\"},\"potentialAction\":[{\"@type\":\"SearchAction\",\"target\":{\"@type\":\"EntryPoint\",\"urlTemplate\":\"https:\/\/automotive-education-hub.eu\/?s={search_term_string}\"},\"query-input\":{\"@type\":\"PropertyValueSpecification\",\"valueRequired\":true,\"valueName\":\"search_term_string\"}}],\"inLanguage\":\"vi\"},{\"@type\":\"Organization\",\"@id\":\"https:\/\/automotive-education-hub.eu\/#organization\",\"name\":\"Automotive Education Hub\",\"url\":\"https:\/\/automotive-education-hub.eu\/\",\"logo\":{\"@type\":\"ImageObject\",\"inLanguage\":\"vi\",\"@id\":\"https:\/\/automotive-education-hub.eu\/#\/schema\/logo\/image\/\",\"url\":\"https:\/\/automotive-education-hub.eu\/wp-content\/uploads\/2024\/05\/Automotive-Logo.png\",\"contentUrl\":\"https:\/\/automotive-education-hub.eu\/wp-content\/uploads\/2024\/05\/Automotive-Logo.png\",\"width\":491,\"height\":118,\"caption\":\"Automotive Education Hub\"},\"image\":{\"@id\":\"https:\/\/automotive-education-hub.eu\/#\/schema\/logo\/image\/\"}}]}<\/script>\n<!-- \/ Yoast SEO plugin. -->","yoast_head_json":{"title":"App legal policy - Automotive Education Hub","robots":{"index":"index","follow":"follow","max-snippet":"max-snippet:-1","max-image-preview":"max-image-preview:large","max-video-preview":"max-video-preview:-1"},"canonical":"https:\/\/automotive-education-hub.eu\/vi\/app-legal-policy\/","og_locale":"vi_VN","og_type":"article","og_title":"App legal policy - Automotive Education Hub","og_url":"https:\/\/automotive-education-hub.eu\/vi\/app-legal-policy\/","og_site_name":"Automotive Education Hub","article_modified_time":"2025-10-31T05:28:09+00:00","og_image":[{"width":1261,"height":774,"url":"https:\/\/automotive-education-hub.eu\/wp-content\/uploads\/2024\/09\/site-image.png","type":"image\/png"}],"twitter_card":"summary_large_image","schema":{"@context":"https:\/\/schema.org","@graph":[{"@type":"WebPage","@id":"https:\/\/automotive-education-hub.eu\/app-legal-policy\/","url":"https:\/\/automotive-education-hub.eu\/app-legal-policy\/","name":"App legal policy - Automotive Education Hub","isPartOf":{"@id":"https:\/\/automotive-education-hub.eu\/#website"},"datePublished":"2025-10-31T04:13:36+00:00","dateModified":"2025-10-31T05:28:09+00:00","breadcrumb":{"@id":"https:\/\/automotive-education-hub.eu\/app-legal-policy\/#breadcrumb"},"inLanguage":"vi","potentialAction":[{"@type":"ReadAction","target":["https:\/\/automotive-education-hub.eu\/app-legal-policy\/"]}]},{"@type":"BreadcrumbList","@id":"https:\/\/automotive-education-hub.eu\/app-legal-policy\/#breadcrumb","itemListElement":[{"@type":"ListItem","position":1,"name":"Home","item":"https:\/\/automotive-education-hub.eu\/"},{"@type":"ListItem","position":2,"name":"App legal policy"}]},{"@type":"WebSite","@id":"https:\/\/automotive-education-hub.eu\/#website","url":"https:\/\/automotive-education-hub.eu\/","name":"Automotive Education Hub","description":"","publisher":{"@id":"https:\/\/automotive-education-hub.eu\/#organization"},"potentialAction":[{"@type":"SearchAction","target":{"@type":"EntryPoint","urlTemplate":"https:\/\/automotive-education-hub.eu\/?s={search_term_string}"},"query-input":{"@type":"PropertyValueSpecification","valueRequired":true,"valueName":"search_term_string"}}],"inLanguage":"vi"},{"@type":"Organization","@id":"https:\/\/automotive-education-hub.eu\/#organization","name":"Automotive Education Hub","url":"https:\/\/automotive-education-hub.eu\/","logo":{"@type":"ImageObject","inLanguage":"vi","@id":"https:\/\/automotive-education-hub.eu\/#\/schema\/logo\/image\/","url":"https:\/\/automotive-education-hub.eu\/wp-content\/uploads\/2024\/05\/Automotive-Logo.png","contentUrl":"https:\/\/automotive-education-hub.eu\/wp-content\/uploads\/2024\/05\/Automotive-Logo.png","width":491,"height":118,"caption":"Automotive Education Hub"},"image":{"@id":"https:\/\/automotive-education-hub.eu\/#\/schema\/logo\/image\/"}}]}},"_links":{"self":[{"href":"https:\/\/automotive-education-hub.eu\/vi\/wp-json\/wp\/v2\/pages\/793","targetHints":{"allow":["GET"]}}],"collection":[{"href":"https:\/\/automotive-education-hub.eu\/vi\/wp-json\/wp\/v2\/pages"}],"about":[{"href":"https:\/\/automotive-education-hub.eu\/vi\/wp-json\/wp\/v2\/types\/page"}],"author":[{"embeddable":true,"href":"https:\/\/automotive-education-hub.eu\/vi\/wp-json\/wp\/v2\/users\/7"}],"replies":[{"embeddable":true,"href":"https:\/\/automotive-education-hub.eu\/vi\/wp-json\/wp\/v2\/comments?post=793"}],"version-history":[{"count":3,"href":"https:\/\/automotive-education-hub.eu\/vi\/wp-json\/wp\/v2\/pages\/793\/revisions"}],"predecessor-version":[{"id":799,"href":"https:\/\/automotive-education-hub.eu\/vi\/wp-json\/wp\/v2\/pages\/793\/revisions\/799"}],"wp:attachment":[{"href":"https:\/\/automotive-education-hub.eu\/vi\/wp-json\/wp\/v2\/media?parent=793"}],"curies":[{"name":"wp","href":"https:\/\/api.w.org\/{rel}","templated":true}]}}